{"id":6793,"date":"2019-06-25T16:42:57","date_gmt":"2019-06-25T14:42:57","guid":{"rendered":"http:\/\/harbour-club.de.w01a4702.kasserver.com\/impressum\/"},"modified":"2024-07-30T08:43:03","modified_gmt":"2024-07-30T08:43:03","slug":"imprint","status":"publish","type":"page","link":"https:\/\/harbour-club.de\/en\/imprint\/","title":{"rendered":"Imprint"},"content":{"rendered":"<div id='av_section_1'  class='avia-section av-nafux-abb9d4b36d8ceaafa337358c72f4961f main_color avia-section-default avia-no-border-styling  avia-builder-el-0  avia-builder-el-no-sibling  avia-bg-style-scroll  container_wrap fullsize'  ><div class='container av-section-cont-open' ><main  role=\"main\" itemprop=\"mainContentOfPage\"  class='template-page content  av-content-full alpha units'><div class='post-entry post-entry-type-page post-entry-6793'><div class='entry-content-wrapper clearfix'>\n\n<style type=\"text\/css\" id=\"style-css-av-gti21-249dd299be01ab1818af2d1a0d497d2e\">\n#top .hr.hr-invisible.av-gti21-249dd299be01ab1818af2d1a0d497d2e{\nheight:50px;\n}\n<\/style>\n<div  class='hr av-gti21-249dd299be01ab1818af2d1a0d497d2e hr-invisible  avia-builder-el-1  el_before_av_heading  avia-builder-el-first   av-desktop-hide av-medium-hide'><span class='hr-inner '><span class=\"hr-inner-style\"><\/span><\/span><\/div>\n\n<style type=\"text\/css\" id=\"style-css-av-7tu1t-4285be79ccd963e5878757fbeefeb100\">\n#top .av-special-heading.av-7tu1t-4285be79ccd963e5878757fbeefeb100{\npadding-bottom:10px;\n}\n<\/style>\n<div  class='av-special-heading av-7tu1t-4285be79ccd963e5878757fbeefeb100 av-special-heading-h1 blockquote modern-quote  avia-builder-el-2  el_after_av_hr  el_before_av_textblock  av-linked-heading '><h1 class='av-special-heading-tag '  itemprop=\"headline\"  >Imprint<\/h1><div class='special-heading-border'><div class='special-heading-inner-border'><\/div><\/div><\/div>\n<section class=\"av_textblock_section \"  itemscope=\"itemscope\" itemtype=\"https:\/\/schema.org\/CreativeWork\" ><div class='avia_textblock  '   itemprop=\"text\" ><p><strong>As a service for guests on our website we present basic information in English. The imprint listed in German below is legally binding.<\/strong><\/p>\n<h2><strong>HARBOUR.CLUB<\/strong><strong> | <\/strong><strong>The New Yorker<\/strong><\/h2>\n<p>Hafenstrasse 4<br \/>\n51063 K\u00f6ln<br \/>\nTelefon: +49 (0)221 4733-0<br \/>\nE-Mail: <a href=\"mailto:events@thenewyorker.de\">events@thenewyorker.de<\/a><br \/>\nInternet: <a href=\"https:\/\/www.harbour-club.de\">https:\/\/www.harbour-club.de<\/a><\/p>\n<h2>Betreibergesellschaft:<\/h2>\n<p>The New Yorker Hotel GmbH<br \/>\nDeutz-M\u00fclheimer Str. 204<br \/>\n51063 K\u00f6ln<br \/>\nTelefon: +49 221 4733-0<br \/>\nE-Mail: <a href=\"mailto:info@thenewyorker.de\">info@thenewyorker.de<\/a><br \/>\nInternet: <a href=\"https:\/\/www.thenewyorker.de\">https:\/\/www.thenewyorker.de<\/a><\/p>\n<h2>Vertretungsberechtigte:<\/h2>\n<p>Herr Johannes J. Adams<br \/>\n<a href=\"mailto:birgit.krenkel@thenewyorker.de\">birgit.krenkel@thenewyorker.de<\/a><br \/>\nRegistergericht: Amtsgericht K\u00f6ln<br \/>\nRegisternummer: HRB32287<br \/>\nUSt-IdNr.: DE812789807<br \/>\nInhaltlich Verantwortlicher gem\u00e4\u00df \u00a76 MDStV:<br \/>\nHerr Johannes J. Adams<br \/>\n<a href=\"mailto:birgit.krenkel@thenewyorker.de\">birgit.krenkel@thenewyorker.de<\/a><\/p>\n<h2>Haftungshinweis:<\/h2>\n<p>Wir erkl\u00e4ren hiermit ausdr\u00fccklich, dass zum Zeitpunkt der Linksetzung keine illegalen Inhalte auf den von uns verlinkten externen Seiten erkennbar waren. Auf die aktuelle und zuk\u00fcnftige Gestaltung, die Inhalte oder die Urheberschaft der gelinkten\/verkn\u00fcpften Seiten haben wir keinerlei Einfluss. Deshalb distanzieren wir uns ausdr\u00fccklich von allen Inhalten aller gelinkten\/verkn\u00fcpften Seiten, die nach der Linksetzung ver\u00e4ndert wurden. Diese Feststellung gilt f\u00fcr alle innerhalb des eigenen Internetangebotes gesetzten Links und Verweise. F\u00fcr illegale, fehlerhafte oder unvollst\u00e4ndige Inhalte und insbesondere f\u00fcr Sch\u00e4den, die aus der Nutzung oder Nichtnutzung solcherart dargebotener Informationen entstehen, haftet allein der Anbieter der Seite, auf welche verwiesen wurde.<\/p>\n<p>Pflichtinformation nach der Verordnung (EU) Nr. 524\/2013 des Europ\u00e4ischen Parlaments und Rats:Link zur Homepage der Stelle f\u00fcr die Online-Beilegung verbraucherrechtlicher Streitigkeiten der Europ\u00e4ischen Kommission: <a href=\"https:\/\/ec.europa.eu\/consumers\/odr\/\">https:\/\/ec.europa.eu\/consumers\/odr\/<\/a> &#8211; weiterf\u00fchrende Informationen stehen Ihnen dort voraussichtlich ab dem 15.02.2016 zur Verf\u00fcgung. F\u00fcr erste Fragen zu einer m\u00f6glichen Streitschlichtung stehen wir Ihnen unter <a href=\"mailto:reservation@thenewyorker.de\">reservation@thenewyorker.de<\/a> zur Verf\u00fcgung.<br \/>\n\u00a9 Spirit Legal LLP 2016<\/p>\n<h2>Fotorechte:<\/h2>\n<p>\u00a9 Arena Mietm\u00f6bel, Christin Schnittke, Dieter Jacobi, DJ Ren\u00e9 Pera, Elena Engels, eventfotografie24.com, Feinkost K\u00e4fer, hotelfotografie24.com, Kirberg Catering Fine Food, Kaiserschote Feinkost Catering, Lemonpie Event- und Messecatering, Light Event Veranstaltungstechnik, M\u00fcllermusic Veranstaltungstechnik, Sebastian Dr\u00fcen, Seelhammer Fotografie, Seven Diamonds Hochzeitsplanung, Stefan Schaal, Thomas Leege, Vinomobile Food&amp;Event<\/p>\n<\/div><\/section>\n\n","protected":false},"excerpt":{"rendered":"","protected":false},"author":1,"featured_media":0,"parent":0,"menu_order":0,"comment_status":"closed","ping_status":"closed","template":"","meta":{"_acf_changed":false,"footnotes":""},"class_list":["post-6793","page","type-page","status-publish","hentry"],"acf":[],"yoast_head":"<!-- This site is optimized with the Yoast SEO plugin v26.4 - https:\/\/yoast.com\/wordpress\/plugins\/seo\/ -->\n<title>Imprint &amp; legal information | HARBOUR.CLUB Cologne<\/title>\n<meta name=\"description\" content=\"Imprint of our event venue HARBOUR.CLUB in Cologne M\u00fclheim: contact details, legal information and operator details.\" \/>\n<meta name=\"robots\" content=\"index, follow, max-snippet:-1, max-image-preview:large, max-video-preview:-1\" \/>\n<link rel=\"canonical\" href=\"https:\/\/harbour-club.de\/en\/imprint\/\" \/>\n<meta property=\"og:locale\" content=\"en_US\" \/>\n<meta property=\"og:type\" content=\"article\" \/>\n<meta property=\"og:title\" content=\"Imprint &amp; legal information | HARBOUR.CLUB Cologne\" \/>\n<meta property=\"og:description\" content=\"Imprint of our event venue HARBOUR.CLUB in Cologne M\u00fclheim: contact details, legal information and operator details.\" \/>\n<meta property=\"og:url\" content=\"https:\/\/harbour-club.de\/en\/imprint\/\" \/>\n<meta property=\"og:site_name\" content=\"Harbour.club Event Location\" \/>\n<meta property=\"article:publisher\" content=\"https:\/\/www.facebook.com\/TheNewYorkerCologne\/\" \/>\n<meta property=\"article:modified_time\" content=\"2024-07-30T08:43:03+00:00\" \/>\n<meta name=\"twitter:card\" content=\"summary_large_image\" \/>\n<meta name=\"twitter:title\" content=\"Imprint &amp; legal information | HARBOUR.CLUB Cologne\" \/>\n<meta name=\"twitter:description\" content=\"Imprint of our event venue HARBOUR.CLUB in Cologne M\u00fclheim: contact details, legal information and operator details.\" \/>\n<meta name=\"twitter:label1\" content=\"Est. reading time\" \/>\n\t<meta name=\"twitter:data1\" content=\"3 minutes\" \/>\n<script type=\"application\/ld+json\" class=\"yoast-schema-graph\">{\"@context\":\"https:\/\/schema.org\",\"@graph\":[{\"@type\":\"WebPage\",\"@id\":\"https:\/\/harbour-club.de\/en\/imprint\/\",\"url\":\"https:\/\/harbour-club.de\/en\/imprint\/\",\"name\":\"Imprint & legal information | HARBOUR.CLUB Cologne\",\"isPartOf\":{\"@id\":\"\/#website\"},\"datePublished\":\"2019-06-25T14:42:57+00:00\",\"dateModified\":\"2024-07-30T08:43:03+00:00\",\"description\":\"Imprint of our event venue HARBOUR.CLUB in Cologne M\u00fclheim: contact details, legal information and operator details.\",\"breadcrumb\":{\"@id\":\"https:\/\/harbour-club.de\/en\/imprint\/#breadcrumb\"},\"inLanguage\":\"en-US\",\"potentialAction\":[{\"@type\":\"ReadAction\",\"target\":[\"https:\/\/harbour-club.de\/en\/imprint\/\"]}]},{\"@type\":\"BreadcrumbList\",\"@id\":\"https:\/\/harbour-club.de\/en\/imprint\/#breadcrumb\",\"itemListElement\":[{\"@type\":\"ListItem\",\"position\":1,\"name\":\"Startseite\",\"item\":\"https:\/\/harbour-club.de\/en\/home\/\"},{\"@type\":\"ListItem\",\"position\":2,\"name\":\"Imprint\"}]},{\"@type\":\"WebSite\",\"@id\":\"\/#website\",\"url\":\"\/\",\"name\":\"Harbour.club Event Location\",\"description\":\"Event Location in K\u00f6ln\",\"publisher\":{\"@id\":\"\/#organization\"},\"potentialAction\":[{\"@type\":\"SearchAction\",\"target\":{\"@type\":\"EntryPoint\",\"urlTemplate\":\"\/?s={search_term_string}\"},\"query-input\":{\"@type\":\"PropertyValueSpecification\",\"valueRequired\":true,\"valueName\":\"search_term_string\"}}],\"inLanguage\":\"en-US\"},{\"@type\":\"Organization\",\"@id\":\"\/#organization\",\"name\":\"Harbour.club Event Location\",\"url\":\"\/\",\"logo\":{\"@type\":\"ImageObject\",\"inLanguage\":\"en-US\",\"@id\":\"\/#\/schema\/logo\/image\/\",\"url\":\"https:\/\/harbour-club.de\/wp-content\/uploads\/sites\/6\/2022\/06\/TNY-Harbour-1.png\",\"contentUrl\":\"https:\/\/harbour-club.de\/wp-content\/uploads\/sites\/6\/2022\/06\/TNY-Harbour-1.png\",\"width\":1030,\"height\":287,\"caption\":\"Harbour.club Event Location\"},\"image\":{\"@id\":\"\/#\/schema\/logo\/image\/\"},\"sameAs\":[\"https:\/\/www.facebook.com\/TheNewYorkerCologne\/\",\"https:\/\/www.instagram.com\/thenewyorkercologne\/\",\"https:\/\/www.linkedin.com\/company\/the-new-yorker-hotel-gmbh\/about\/\",\"https:\/\/www.youtube.com\/user\/TheNewYorker99\/\"]}]}<\/script>\n<!-- \/ Yoast SEO plugin. -->","yoast_head_json":{"title":"Imprint & legal information | HARBOUR.CLUB Cologne","description":"Imprint of our event venue HARBOUR.CLUB in Cologne M\u00fclheim: contact details, legal information and operator details.","robots":{"index":"index","follow":"follow","max-snippet":"max-snippet:-1","max-image-preview":"max-image-preview:large","max-video-preview":"max-video-preview:-1"},"canonical":"https:\/\/harbour-club.de\/en\/imprint\/","og_locale":"en_US","og_type":"article","og_title":"Imprint & legal information | HARBOUR.CLUB Cologne","og_description":"Imprint of our event venue HARBOUR.CLUB in Cologne M\u00fclheim: contact details, legal information and operator details.","og_url":"https:\/\/harbour-club.de\/en\/imprint\/","og_site_name":"Harbour.club Event Location","article_publisher":"https:\/\/www.facebook.com\/TheNewYorkerCologne\/","article_modified_time":"2024-07-30T08:43:03+00:00","twitter_card":"summary_large_image","twitter_title":"Imprint & legal information | HARBOUR.CLUB Cologne","twitter_description":"Imprint of our event venue HARBOUR.CLUB in Cologne M\u00fclheim: contact details, legal information and operator details.","twitter_misc":{"Est. reading time":"3 minutes"},"schema":{"@context":"https:\/\/schema.org","@graph":[{"@type":"WebPage","@id":"https:\/\/harbour-club.de\/en\/imprint\/","url":"https:\/\/harbour-club.de\/en\/imprint\/","name":"Imprint & legal information | HARBOUR.CLUB Cologne","isPartOf":{"@id":"\/#website"},"datePublished":"2019-06-25T14:42:57+00:00","dateModified":"2024-07-30T08:43:03+00:00","description":"Imprint of our event venue HARBOUR.CLUB in Cologne M\u00fclheim: contact details, legal information and operator details.","breadcrumb":{"@id":"https:\/\/harbour-club.de\/en\/imprint\/#breadcrumb"},"inLanguage":"en-US","potentialAction":[{"@type":"ReadAction","target":["https:\/\/harbour-club.de\/en\/imprint\/"]}]},{"@type":"BreadcrumbList","@id":"https:\/\/harbour-club.de\/en\/imprint\/#breadcrumb","itemListElement":[{"@type":"ListItem","position":1,"name":"Startseite","item":"https:\/\/harbour-club.de\/en\/home\/"},{"@type":"ListItem","position":2,"name":"Imprint"}]},{"@type":"WebSite","@id":"\/#website","url":"\/","name":"Harbour.club Event Location","description":"Event Location in K\u00f6ln","publisher":{"@id":"\/#organization"},"potentialAction":[{"@type":"SearchAction","target":{"@type":"EntryPoint","urlTemplate":"\/?s={search_term_string}"},"query-input":{"@type":"PropertyValueSpecification","valueRequired":true,"valueName":"search_term_string"}}],"inLanguage":"en-US"},{"@type":"Organization","@id":"\/#organization","name":"Harbour.club Event Location","url":"\/","logo":{"@type":"ImageObject","inLanguage":"en-US","@id":"\/#\/schema\/logo\/image\/","url":"https:\/\/harbour-club.de\/wp-content\/uploads\/sites\/6\/2022\/06\/TNY-Harbour-1.png","contentUrl":"https:\/\/harbour-club.de\/wp-content\/uploads\/sites\/6\/2022\/06\/TNY-Harbour-1.png","width":1030,"height":287,"caption":"Harbour.club Event Location"},"image":{"@id":"\/#\/schema\/logo\/image\/"},"sameAs":["https:\/\/www.facebook.com\/TheNewYorkerCologne\/","https:\/\/www.instagram.com\/thenewyorkercologne\/","https:\/\/www.linkedin.com\/company\/the-new-yorker-hotel-gmbh\/about\/","https:\/\/www.youtube.com\/user\/TheNewYorker99\/"]}]}},"_links":{"self":[{"href":"https:\/\/harbour-club.de\/en\/wp-json\/wp\/v2\/pages\/6793","targetHints":{"allow":["GET"]}}],"collection":[{"href":"https:\/\/harbour-club.de\/en\/wp-json\/wp\/v2\/pages"}],"about":[{"href":"https:\/\/harbour-club.de\/en\/wp-json\/wp\/v2\/types\/page"}],"author":[{"embeddable":true,"href":"https:\/\/harbour-club.de\/en\/wp-json\/wp\/v2\/users\/1"}],"replies":[{"embeddable":true,"href":"https:\/\/harbour-club.de\/en\/wp-json\/wp\/v2\/comments?post=6793"}],"version-history":[{"count":7,"href":"https:\/\/harbour-club.de\/en\/wp-json\/wp\/v2\/pages\/6793\/revisions"}],"predecessor-version":[{"id":7344,"href":"https:\/\/harbour-club.de\/en\/wp-json\/wp\/v2\/pages\/6793\/revisions\/7344"}],"wp:attachment":[{"href":"https:\/\/harbour-club.de\/en\/wp-json\/wp\/v2\/media?parent=6793"}],"curies":[{"name":"wp","href":"https:\/\/api.w.org\/{rel}","templated":true}]}}